{"id":12,"date":"2020-03-05T15:00:00","date_gmt":"2020-03-05T14:00:00","guid":{"rendered":"https:\/\/www.ff-grossinzersdorf.at\/?page_id=12"},"modified":"2020-03-05T15:11:44","modified_gmt":"2020-03-05T14:11:44","slug":"impressum","status":"publish","type":"page","link":"https:\/\/www.ff-grossinzersdorf.at\/?page_id=12","title":{"rendered":"Impressum"},"content":{"rendered":"\n<p>Die Homepage der FF-Gro\u00df-Inzersdorf ist eine von der Freiwilligen Feuerwehr betriebene Internetseite.<br>\nAlle hier geposteten Artikel, Grafiken, Fotos, Texte, unterliegen dem Copyright des Urhebers.<br>\nDie Verwendung ist nur mit Genehmigung der Urhebers gestattet.<\/p>\n\n\n\n<p>F\u00fcr den Inhalt verantwortlich:<br>\nFreiwillige Feuerwehr Gro\u00df-Inzersdorf<br>\n2225 Zistersdorf,<br>\nGro\u00dfinzersdorf<\/p>\n\n\n\n<p>admin (at) ff-grossinzersdorf.at<\/p>\n\n\n\n<p>Die in den Kommentaren geposteten Inhalte stellen nicht die Meinung des Verantwortlichen dar, sondern die des jeweiligen Posters.<br>Kommentare mit unsinnigen Inhalten werden gel\u00f6scht.<\/p>\n","protected":false},"excerpt":{"rendered":"<p>Die Homepage der FF-Gro\u00df-Inzersdorf ist eine von der Freiwilligen Feuerwehr betriebene Internetseite. Alle hier geposteten Artikel, Grafiken, Fotos, Texte, unterliegen dem Copyright des Urhebers. Die Verwendung ist nur mit Genehmigung der Urhebers gestattet. F\u00fcr den Inhalt verantwortlich: Freiwillige Feuerwehr Gro\u00df-Inzersdorf 2225 Zistersdorf, Gro\u00dfinzersdorf admin (at) ff-grossinzersdorf.at Die in den Kommentaren geposteten Inhalte stellen nicht die [&hellip;]<\/p>\n","protected":false},"author":2,"featured_media":0,"parent":0,"menu_order":0,"comment_status":"closed","ping_status":"closed","template":"","meta":{"ngg_post_thumbnail":0,"footnotes":""},"class_list":["post-12","page","type-page","status-publish","hentry"],"_links":{"self":[{"href":"https:\/\/www.ff-grossinzersdorf.at\/index.php?rest_route=\/wp\/v2\/pages\/12","targetHints":{"allow":["GET"]}}],"collection":[{"href":"https:\/\/www.ff-grossinzersdorf.at\/index.php?rest_route=\/wp\/v2\/pages"}],"about":[{"href":"https:\/\/www.ff-grossinzersdorf.at\/index.php?rest_route=\/wp\/v2\/types\/page"}],"author":[{"embeddable":true,"href":"https:\/\/www.ff-grossinzersdorf.at\/index.php?rest_route=\/wp\/v2\/users\/2"}],"replies":[{"embeddable":true,"href":"https:\/\/www.ff-grossinzersdorf.at\/index.php?rest_route=%2Fwp%2Fv2%2Fcomments&post=12"}],"version-history":[{"count":2,"href":"https:\/\/www.ff-grossinzersdorf.at\/index.php?rest_route=\/wp\/v2\/pages\/12\/revisions"}],"predecessor-version":[{"id":14,"href":"https:\/\/www.ff-grossinzersdorf.at\/index.php?rest_route=\/wp\/v2\/pages\/12\/revisions\/14"}],"wp:attachment":[{"href":"https:\/\/www.ff-grossinzersdorf.at\/index.php?rest_route=%2Fwp%2Fv2%2Fmedia&parent=12"}],"curies":[{"name":"wp","href":"https:\/\/api.w.org\/{rel}","templated":true}]}}